{"id":10354,"date":"2025-02-22T17:47:41","date_gmt":"2025-02-22T16:47:41","guid":{"rendered":"https:\/\/www.mqdent.com\/mataro-2\/"},"modified":"2025-02-22T17:47:43","modified_gmt":"2025-02-22T16:47:43","slug":"mataro-2","status":"publish","type":"page","link":"https:\/\/www.mqdent.com\/ca\/mataro-2\/","title":{"rendered":"Matar\u00f3"},"content":{"rendered":"\t\t<div data-elementor-type=\"wp-page\" data-elementor-id=\"10354\" class=\"elementor elementor-10354 elementor-2755\" data-elementor-post-type=\"page\">\n\t\t\t\t<div class=\"elementor-element elementor-element-30dd023a e-flex e-con-boxed e-con e-parent\" data-id=\"30dd023a\" data-element_type=\"container\" data-e-type=\"container\">\n\t\t\t\t\t<div class=\"e-con-inner\">\n\t\t\t\t\t<\/div>\n\t\t\t\t<\/div>\n\t\t<div class=\"elementor-element elementor-element-1000f21 e-flex e-con-boxed e-con e-parent\" data-id=\"1000f21\" data-element_type=\"container\" data-e-type=\"container\" data-settings=\"{&quot;background_background&quot;:&quot;classic&quot;}\">\n\t\t\t\t\t<div class=\"e-con-inner\">\n\t\t\t\t<div class=\"elementor-element elementor-element-202e729 elementor-widget elementor-widget-heading\" data-id=\"202e729\" data-element_type=\"widget\" data-e-type=\"widget\" data-widget_type=\"heading.default\">\n\t\t\t\t<div class=\"elementor-widget-container\">\n\t\t\t\t\t<h3 class=\"elementor-heading-title elementor-size-default\">Cl\u00ednica Dental MQ Dent Matar\u00f3<\/h3>\t\t\t\t<\/div>\n\t\t\t\t<\/div>\n\t\t\t\t\t<\/div>\n\t\t\t\t<\/div>\n\t\t<div class=\"elementor-element elementor-element-3564d35 e-flex e-con-boxed e-con e-parent\" data-id=\"3564d35\" data-element_type=\"container\" data-e-type=\"container\" data-settings=\"{&quot;background_background&quot;:&quot;classic&quot;}\">\n\t\t\t\t\t<div class=\"e-con-inner\">\n\t\t\t\t<div class=\"elementor-element elementor-element-8809ada elementor-widget elementor-widget-heading\" data-id=\"8809ada\" data-element_type=\"widget\" data-e-type=\"widget\" data-widget_type=\"heading.default\">\n\t\t\t\t<div class=\"elementor-widget-container\">\n\t\t\t\t\t<h6 class=\"elementor-heading-title elementor-size-default\">A la nostra cl\u00ednica odontol\u00f2gica, estem dedicats a brindar una experi\u00e8ncia excepcional en salut dental, integrant la m\u00e9s avanzada tecnologia amb un servei hum\u00e0 ia mida.<\/h6>\t\t\t\t<\/div>\n\t\t\t\t<\/div>\n\t\t\t\t\t<\/div>\n\t\t\t\t<\/div>\n\t\t<div class=\"elementor-element elementor-element-ab84118 e-flex e-con-boxed e-con e-parent\" data-id=\"ab84118\" data-element_type=\"container\" data-e-type=\"container\" data-settings=\"{&quot;background_background&quot;:&quot;classic&quot;}\">\n\t\t\t\t\t<div class=\"e-con-inner\">\n\t\t<div class=\"elementor-element elementor-element-3d4511a e-con-full e-flex e-con e-child\" data-id=\"3d4511a\" data-element_type=\"container\" data-e-type=\"container\">\n\t\t\t\t<div class=\"elementor-element elementor-element-4016d7a elementor-widget elementor-widget-image\" data-id=\"4016d7a\" data-element_type=\"widget\" data-e-type=\"widget\" data-widget_type=\"image.default\">\n\t\t\t\t<div class=\"elementor-widget-container\">\n\t\t\t\t\t\t\t\t\t\t\t\t\t\t\t<img fetchpriority=\"high\" decoding=\"async\" width=\"800\" height=\"534\" src=\"https:\/\/www.mqdent.com\/wp-content\/uploads\/2020\/09\/imgo-clinica-dental03.jpg\" class=\"attachment-large size-large wp-image-809\" alt=\"\" srcset=\"https:\/\/www.mqdent.com\/wp-content\/uploads\/2020\/09\/imgo-clinica-dental03.jpg 1000w, https:\/\/www.mqdent.com\/wp-content\/uploads\/2020\/09\/imgo-clinica-dental03-600x400.jpg 600w, https:\/\/www.mqdent.com\/wp-content\/uploads\/2020\/09\/imgo-clinica-dental03-300x200.jpg 300w, https:\/\/www.mqdent.com\/wp-content\/uploads\/2020\/09\/imgo-clinica-dental03-768x512.jpg 768w, https:\/\/www.mqdent.com\/wp-content\/uploads\/2020\/09\/imgo-clinica-dental03-980x654.jpg 980w, https:\/\/www.mqdent.com\/wp-content\/uploads\/2020\/09\/imgo-clinica-dental03-480x320.jpg 480w\" sizes=\"(max-width: 800px) 100vw, 800px\" \/>\t\t\t\t\t\t\t\t\t\t\t\t\t\t\t<\/div>\n\t\t\t\t<\/div>\n\t\t\t\t<div class=\"elementor-element elementor-element-c6ae9c5 elementor-widget elementor-widget-text-editor\" data-id=\"c6ae9c5\" data-element_type=\"widget\" data-e-type=\"widget\" data-widget_type=\"text-editor.default\">\n\t\t\t\t<div class=\"elementor-widget-container\">\n\t\t\t\t\t\t\t\t\t<p>La nostra cl\u00ednica dental est\u00e0 situada al carrer Argentona al centre de Matar\u00f3 i disposa d&#8217;unes instal\u00b7lacions modernes i adaptades a l&#8217;\u00faltima tecnologia:  <\/p>\n<p>El nostre equip m\u00e8dic us rebr\u00e0 amb els bra\u00e7os oberts, estudiar\u00e0 el vostre cas i us oferir\u00e0 la soluci\u00f3 que m\u00e9s s&#8217;adapti a les vostres necessitats.<\/p>\n\t\t\t\t\t\t\t\t<\/div>\n\t\t\t\t<\/div>\n\t\t\t\t<\/div>\n\t\t<div class=\"elementor-element elementor-element-39c2135 e-con-full e-flex e-con e-child\" data-id=\"39c2135\" data-element_type=\"container\" data-e-type=\"container\" data-settings=\"{&quot;background_background&quot;:&quot;classic&quot;}\">\n\t\t\t\t<div class=\"elementor-element elementor-element-af6cd17 elementor-icon-list--layout-traditional elementor-list-item-link-full_width elementor-widget elementor-widget-icon-list\" data-id=\"af6cd17\" data-element_type=\"widget\" data-e-type=\"widget\" data-widget_type=\"icon-list.default\">\n\t\t\t\t<div class=\"elementor-widget-container\">\n\t\t\t\t\t\t\t<ul class=\"elementor-icon-list-items\">\n\t\t\t\t\t\t\t<li class=\"elementor-icon-list-item\">\n\t\t\t\t\t\t\t\t\t\t\t<span class=\"elementor-icon-list-icon\">\n\t\t\t\t\t\t\t<svg aria-hidden=\"true\" class=\"e-font-icon-svg e-fas-map-marker-alt\" viewBox=\"0 0 384 512\" xmlns=\"http:\/\/www.w3.org\/2000\/svg\"><path d=\"M172.268 501.67C26.97 291.031 0 269.413 0 192 0 85.961 85.961 0 192 0s192 85.961 192 192c0 77.413-26.97 99.031-172.268 309.67-9.535 13.774-29.93 13.773-39.464 0zM192 272c44.183 0 80-35.817 80-80s-35.817-80-80-80-80 35.817-80 80 35.817 80 80 80z\"><\/path><\/svg>\t\t\t\t\t\t<\/span>\n\t\t\t\t\t\t\t\t\t\t<span class=\"elementor-icon-list-text\">Carrer d'Argentona, 54 CP 08032 Matar\u00f3<\/span>\n\t\t\t\t\t\t\t\t\t<\/li>\n\t\t\t\t\t\t\t\t<li class=\"elementor-icon-list-item\">\n\t\t\t\t\t\t\t\t\t\t\t<a href=\"tel:933234804\">\n\n\t\t\t\t\t\t\t\t\t\t\t\t<span class=\"elementor-icon-list-icon\">\n\t\t\t\t\t\t\t<svg aria-hidden=\"true\" class=\"e-font-icon-svg e-far-clock\" viewBox=\"0 0 512 512\" xmlns=\"http:\/\/www.w3.org\/2000\/svg\"><path d=\"M256 8C119 8 8 119 8 256s111 248 248 248 248-111 248-248S393 8 256 8zm0 448c-110.5 0-200-89.5-200-200S145.5 56 256 56s200 89.5 200 200-89.5 200-200 200zm61.8-104.4l-84.9-61.7c-3.1-2.3-4.9-5.9-4.9-9.7V116c0-6.6 5.4-12 12-12h32c6.6 0 12 5.4 12 12v141.7l66.8 48.6c5.4 3.9 6.5 11.4 2.6 16.8L334.6 349c-3.9 5.3-11.4 6.5-16.8 2.6z\"><\/path><\/svg>\t\t\t\t\t\t<\/span>\n\t\t\t\t\t\t\t\t\t\t<span class=\"elementor-icon-list-text\">Dilluns a divendres de 10 a 13.30 hores i de 15.30: a 20h<\/span>\n\t\t\t\t\t\t\t\t\t\t\t<\/a>\n\t\t\t\t\t\t\t\t\t<\/li>\n\t\t\t\t\t\t\t\t<li class=\"elementor-icon-list-item\">\n\t\t\t\t\t\t\t\t\t\t\t<a href=\"tel:934340459\">\n\n\t\t\t\t\t\t\t\t\t\t\t\t<span class=\"elementor-icon-list-icon\">\n\t\t\t\t\t\t\t<svg aria-hidden=\"true\" class=\"e-font-icon-svg e-fas-phone-alt\" viewBox=\"0 0 512 512\" xmlns=\"http:\/\/www.w3.org\/2000\/svg\"><path d=\"M497.39 361.8l-112-48a24 24 0 0 0-28 6.9l-49.6 60.6A370.66 370.66 0 0 1 130.6 204.11l60.6-49.6a23.94 23.94 0 0 0 6.9-28l-48-112A24.16 24.16 0 0 0 122.6.61l-104 24A24 24 0 0 0 0 48c0 256.5 207.9 464 464 464a24 24 0 0 0 23.4-18.6l24-104a24.29 24.29 0 0 0-14.01-27.6z\"><\/path><\/svg>\t\t\t\t\t\t<\/span>\n\t\t\t\t\t\t\t\t\t\t<span class=\"elementor-icon-list-text\">93 434 04 59<\/span>\n\t\t\t\t\t\t\t\t\t\t\t<\/a>\n\t\t\t\t\t\t\t\t\t<\/li>\n\t\t\t\t\t\t\t\t<li class=\"elementor-icon-list-item\">\n\t\t\t\t\t\t\t\t\t\t\t<a href=\"mailto:clinica11@mqdent.com\">\n\n\t\t\t\t\t\t\t\t\t\t\t\t<span class=\"elementor-icon-list-icon\">\n\t\t\t\t\t\t\t<svg aria-hidden=\"true\" class=\"e-font-icon-svg e-far-envelope\" viewBox=\"0 0 512 512\" xmlns=\"http:\/\/www.w3.org\/2000\/svg\"><path d=\"M464 64H48C21.49 64 0 85.49 0 112v288c0 26.51 21.49 48 48 48h416c26.51 0 48-21.49 48-48V112c0-26.51-21.49-48-48-48zm0 48v40.805c-22.422 18.259-58.168 46.651-134.587 106.49-16.841 13.247-50.201 45.072-73.413 44.701-23.208.375-56.579-31.459-73.413-44.701C106.18 199.465 70.425 171.067 48 152.805V112h416zM48 400V214.398c22.914 18.251 55.409 43.862 104.938 82.646 21.857 17.205 60.134 55.186 103.062 54.955 42.717.231 80.509-37.199 103.053-54.947 49.528-38.783 82.032-64.401 104.947-82.653V400H48z\"><\/path><\/svg>\t\t\t\t\t\t<\/span>\n\t\t\t\t\t\t\t\t\t\t<span class=\"elementor-icon-list-text\">clinica11@mqdent.com<\/span>\n\t\t\t\t\t\t\t\t\t\t\t<\/a>\n\t\t\t\t\t\t\t\t\t<\/li>\n\t\t\t\t\t\t<\/ul>\n\t\t\t\t\t\t<\/div>\n\t\t\t\t<\/div>\n\t\t\t\t<div class=\"elementor-element elementor-element-c2e1ea7 elementor-widget elementor-widget-google_maps\" data-id=\"c2e1ea7\" data-element_type=\"widget\" data-e-type=\"widget\" data-widget_type=\"google_maps.default\">\n\t\t\t\t<div class=\"elementor-widget-container\">\n\t\t\t\t\t\t\t<div class=\"elementor-custom-embed\">\n\t\t\t<iframe loading=\"lazy\"\n\t\t\t\t\tsrc=\"https:\/\/maps.google.com\/maps?q=Carrer%20d%E2%80%99Argentona%2C%2054%20C.P.%2008032%20Matar%C3%B3&#038;t=m&#038;z=15&#038;output=embed&#038;iwloc=near\"\n\t\t\t\t\ttitle=\"Carrer d\u2019Argentona, 54 C.P. 08032 Matar\u00f3\"\n\t\t\t\t\taria-label=\"Carrer d\u2019Argentona, 54 C.P. 08032 Matar\u00f3\"\n\t\t\t><\/iframe>\n\t\t<\/div>\n\t\t\t\t\t\t<\/div>\n\t\t\t\t<\/div>\n\t\t\t\t<\/div>\n\t\t\t\t\t<\/div>\n\t\t\t\t<\/div>\n\t\t<div class=\"elementor-element elementor-element-06e42de e-flex e-con-boxed e-con e-parent\" data-id=\"06e42de\" data-element_type=\"container\" data-e-type=\"container\" data-settings=\"{&quot;background_background&quot;:&quot;classic&quot;}\">\n\t\t\t\t\t<div class=\"e-con-inner\">\n\t\t\t\t<div class=\"elementor-element elementor-element-d0ed43f elementor-widget elementor-widget-template\" data-id=\"d0ed43f\" data-element_type=\"widget\" data-e-type=\"widget\" data-widget_type=\"template.default\">\n\t\t\t\t<div class=\"elementor-widget-container\">\n\t\t\t\t\t\t\t<div class=\"elementor-template\">\n\t\t\t\t\t<div data-elementor-type=\"section\" data-elementor-id=\"2635\" class=\"elementor elementor-2635\" data-elementor-post-type=\"elementor_library\">\n\t\t\t<div class=\"elementor-element elementor-element-93ec5e2 e-flex e-con-boxed e-con e-parent\" data-id=\"93ec5e2\" data-element_type=\"container\" data-e-type=\"container\" data-settings=\"{&quot;background_background&quot;:&quot;classic&quot;}\">\n\t\t\t\t\t<div class=\"e-con-inner\">\n\t\t<div class=\"elementor-element elementor-element-490830b e-con-full e-flex e-con e-child\" data-id=\"490830b\" data-element_type=\"container\" data-e-type=\"container\" data-settings=\"{&quot;background_background&quot;:&quot;classic&quot;}\">\n\t\t\t\t<div class=\"elementor-element elementor-element-098b35a elementor-widget elementor-widget-heading\" data-id=\"098b35a\" data-element_type=\"widget\" data-e-type=\"widget\" data-widget_type=\"heading.default\">\n\t\t\t\t<div class=\"elementor-widget-container\">\n\t\t\t\t\t<h6 class=\"elementor-heading-title elementor-size-default\">\u00a1Pide tu cita!<\/h6>\t\t\t\t<\/div>\n\t\t\t\t<\/div>\n\t\t\t\t<div class=\"elementor-element elementor-element-5ff5096 elementor-widget elementor-widget-html\" data-id=\"5ff5096\" data-element_type=\"widget\" data-e-type=\"widget\" data-widget_type=\"html.default\">\n\t\t\t\t<div class=\"elementor-widget-container\">\n\t\t\t\t\t<iframe\n  src=\"https:\/\/api.leadconnectorhq.com\/widget\/form\/GYRnknr6StmDQX3Jab2e\"\n  style=\"width:100%;height:100%;border:none;border-radius:4px\"\n  id=\"inline-GYRnknr6StmDQX3Jab2e\" \n  data-layout=\"{'id':'INLINE'}\"\n  data-trigger-type=\"alwaysShow\"\n  data-trigger-value=\"\"\n  data-activation-type=\"alwaysActivated\"\n  data-activation-value=\"\"\n  data-deactivation-type=\"neverDeactivate\"\n  data-deactivation-value=\"\"\n  data-form-name=\"CONTACTO\"\n  data-height=\"640\"\n  data-layout-iframe-id=\"inline-GYRnknr6StmDQX3Jab2e\"\n  data-form-id=\"GYRnknr6StmDQX3Jab2e\"\n  title=\"CONTACTO\"\n      >\n<\/iframe>\n<script src=\"https:\/\/link.msgsndr.com\/js\/form_embed.js\"><\/script>\t\t\t\t<\/div>\n\t\t\t\t<\/div>\n\t\t\t\t<\/div>\n\t\t\t\t\t<\/div>\n\t\t\t\t<\/div>\n\t\t\t\t<\/div>\n\t\t\t\t<\/div>\n\t\t\t\t\t\t<\/div>\n\t\t\t\t<\/div>\n\t\t\t\t\t<\/div>\n\t\t\t\t<\/div>\n\t\t\t\t<\/div>\n\t\t","protected":false},"excerpt":{"rendered":"<p>Cl\u00ednica Dental MQ Dent Matar\u00f3 A la nostra cl\u00ednica odontol\u00f2gica, estem dedicats a brindar una experi\u00e8ncia excepcional en salut dental, integrant la m\u00e9s avanzada tecnologia amb un servei hum\u00e0 ia mida. La nostra cl\u00ednica dental est\u00e0 situada al carrer Argentona al centre de Matar\u00f3 i disposa d&#8217;unes instal\u00b7lacions modernes i adaptades a l&#8217;\u00faltima tecnologia: El [&hellip;]<\/p>\n","protected":false},"author":1,"featured_media":0,"parent":0,"menu_order":0,"comment_status":"closed","ping_status":"closed","template":"elementor_header_footer","meta":{"footnotes":""},"class_list":["post-10354","page","type-page","status-publish","hentry"],"yoast_head":"<!-- This site is optimized with the Yoast SEO plugin v27.3 - https:\/\/yoast.com\/product\/yoast-seo-wordpress\/ -->\n<title>Cl\u00ednica Dental MQ Dent Matar\u00f3<\/title>\n<meta name=\"description\" content=\"Ens comprometem a oferir una experi\u00e8ncia \u00fanica a cura bucal, combinant tecnologia de punta amb un tracte hum\u00e0 i personalitzat.\" \/>\n<meta name=\"robots\" content=\"index, follow, max-snippet:-1, max-image-preview:large, max-video-preview:-1\" \/>\n<link rel=\"canonical\" href=\"https:\/\/www.mqdent.com\/ca\/mataro-2\/\" \/>\n<meta property=\"og:locale\" content=\"ca_ES\" \/>\n<meta property=\"og:type\" content=\"article\" \/>\n<meta property=\"og:title\" content=\"Cl\u00ednica Dental MQ Dent Matar\u00f3\" \/>\n<meta property=\"og:description\" content=\"Ens comprometem a oferir una experi\u00e8ncia \u00fanica a cura bucal, combinant tecnologia de punta amb un tracte hum\u00e0 i personalitzat.\" \/>\n<meta property=\"og:url\" content=\"https:\/\/www.mqdent.com\/ca\/mataro-2\/\" \/>\n<meta property=\"og:site_name\" content=\"MQ Dent\" \/>\n<meta property=\"article:publisher\" content=\"https:\/\/www.facebook.com\/mqdent\/\" \/>\n<meta property=\"article:modified_time\" content=\"2025-02-22T16:47:43+00:00\" \/>\n<meta property=\"og:image\" content=\"https:\/\/www.mqdent.com\/wp-content\/uploads\/2020\/09\/imgo-clinica-dental03.jpg\" \/>\n\t<meta property=\"og:image:width\" content=\"1000\" \/>\n\t<meta property=\"og:image:height\" content=\"667\" \/>\n\t<meta property=\"og:image:type\" content=\"image\/jpeg\" \/>\n<meta name=\"twitter:card\" content=\"summary_large_image\" \/>\n<meta name=\"twitter:label1\" content=\"Temps estimat de lectura\" \/>\n\t<meta name=\"twitter:data1\" content=\"1 minut\" \/>\n<script type=\"application\/ld+json\" class=\"yoast-schema-graph\">{\"@context\":\"https:\\\/\\\/schema.org\",\"@graph\":[{\"@type\":\"WebPage\",\"@id\":\"https:\\\/\\\/www.mqdent.com\\\/ca\\\/mataro-2\\\/\",\"url\":\"https:\\\/\\\/www.mqdent.com\\\/ca\\\/mataro-2\\\/\",\"name\":\"Cl\u00ednica Dental MQ Dent Matar\u00f3\",\"isPartOf\":{\"@id\":\"https:\\\/\\\/www.mqdent.com\\\/ca\\\/#website\"},\"primaryImageOfPage\":{\"@id\":\"https:\\\/\\\/www.mqdent.com\\\/ca\\\/mataro-2\\\/#primaryimage\"},\"image\":{\"@id\":\"https:\\\/\\\/www.mqdent.com\\\/ca\\\/mataro-2\\\/#primaryimage\"},\"thumbnailUrl\":\"https:\\\/\\\/www.mqdent.com\\\/wp-content\\\/uploads\\\/2020\\\/09\\\/imgo-clinica-dental03.jpg\",\"datePublished\":\"2025-02-22T16:47:41+00:00\",\"dateModified\":\"2025-02-22T16:47:43+00:00\",\"description\":\"Ens comprometem a oferir una experi\u00e8ncia \u00fanica a cura bucal, combinant tecnologia de punta amb un tracte hum\u00e0 i personalitzat.\",\"breadcrumb\":{\"@id\":\"https:\\\/\\\/www.mqdent.com\\\/ca\\\/mataro-2\\\/#breadcrumb\"},\"inLanguage\":\"ca\",\"potentialAction\":[{\"@type\":\"ReadAction\",\"target\":[\"https:\\\/\\\/www.mqdent.com\\\/ca\\\/mataro-2\\\/\"]}]},{\"@type\":\"ImageObject\",\"inLanguage\":\"ca\",\"@id\":\"https:\\\/\\\/www.mqdent.com\\\/ca\\\/mataro-2\\\/#primaryimage\",\"url\":\"https:\\\/\\\/www.mqdent.com\\\/wp-content\\\/uploads\\\/2020\\\/09\\\/imgo-clinica-dental03.jpg\",\"contentUrl\":\"https:\\\/\\\/www.mqdent.com\\\/wp-content\\\/uploads\\\/2020\\\/09\\\/imgo-clinica-dental03.jpg\"},{\"@type\":\"BreadcrumbList\",\"@id\":\"https:\\\/\\\/www.mqdent.com\\\/ca\\\/mataro-2\\\/#breadcrumb\",\"itemListElement\":[{\"@type\":\"ListItem\",\"position\":1,\"name\":\"Portada\",\"item\":\"https:\\\/\\\/www.mqdent.com\\\/ca\\\/\"},{\"@type\":\"ListItem\",\"position\":2,\"name\":\"Matar\u00f3\"}]},{\"@type\":\"WebSite\",\"@id\":\"https:\\\/\\\/www.mqdent.com\\\/ca\\\/#website\",\"url\":\"https:\\\/\\\/www.mqdent.com\\\/ca\\\/\",\"name\":\"MQ Dent\",\"description\":\"Cl\u00ednica Dental\",\"publisher\":{\"@id\":\"https:\\\/\\\/www.mqdent.com\\\/ca\\\/#organization\"},\"potentialAction\":[{\"@type\":\"SearchAction\",\"target\":{\"@type\":\"EntryPoint\",\"urlTemplate\":\"https:\\\/\\\/www.mqdent.com\\\/ca\\\/?s={search_term_string}\"},\"query-input\":{\"@type\":\"PropertyValueSpecification\",\"valueRequired\":true,\"valueName\":\"search_term_string\"}}],\"inLanguage\":\"ca\"},{\"@type\":\"Organization\",\"@id\":\"https:\\\/\\\/www.mqdent.com\\\/ca\\\/#organization\",\"name\":\"MQ Dent Cl\u00ednica Dental\",\"url\":\"https:\\\/\\\/www.mqdent.com\\\/ca\\\/\",\"logo\":{\"@type\":\"ImageObject\",\"inLanguage\":\"ca\",\"@id\":\"https:\\\/\\\/www.mqdent.com\\\/ca\\\/#\\\/schema\\\/logo\\\/image\\\/\",\"url\":\"https:\\\/\\\/mqdent.com\\\/wp-content\\\/uploads\\\/2020\\\/12\\\/logo-mqdent-1.png\",\"contentUrl\":\"https:\\\/\\\/mqdent.com\\\/wp-content\\\/uploads\\\/2020\\\/12\\\/logo-mqdent-1.png\",\"width\":446,\"height\":346,\"caption\":\"MQ Dent Cl\u00ednica Dental\"},\"image\":{\"@id\":\"https:\\\/\\\/www.mqdent.com\\\/ca\\\/#\\\/schema\\\/logo\\\/image\\\/\"},\"sameAs\":[\"https:\\\/\\\/www.facebook.com\\\/mqdent\\\/\"]}]}<\/script>\n<!-- \/ Yoast SEO plugin. -->","yoast_head_json":{"title":"Cl\u00ednica Dental MQ Dent Matar\u00f3","description":"Ens comprometem a oferir una experi\u00e8ncia \u00fanica a cura bucal, combinant tecnologia de punta amb un tracte hum\u00e0 i personalitzat.","robots":{"index":"index","follow":"follow","max-snippet":"max-snippet:-1","max-image-preview":"max-image-preview:large","max-video-preview":"max-video-preview:-1"},"canonical":"https:\/\/www.mqdent.com\/ca\/mataro-2\/","og_locale":"ca_ES","og_type":"article","og_title":"Cl\u00ednica Dental MQ Dent Matar\u00f3","og_description":"Ens comprometem a oferir una experi\u00e8ncia \u00fanica a cura bucal, combinant tecnologia de punta amb un tracte hum\u00e0 i personalitzat.","og_url":"https:\/\/www.mqdent.com\/ca\/mataro-2\/","og_site_name":"MQ Dent","article_publisher":"https:\/\/www.facebook.com\/mqdent\/","article_modified_time":"2025-02-22T16:47:43+00:00","og_image":[{"width":1000,"height":667,"url":"https:\/\/www.mqdent.com\/wp-content\/uploads\/2020\/09\/imgo-clinica-dental03.jpg","type":"image\/jpeg"}],"twitter_card":"summary_large_image","twitter_misc":{"Temps estimat de lectura":"1 minut"},"schema":{"@context":"https:\/\/schema.org","@graph":[{"@type":"WebPage","@id":"https:\/\/www.mqdent.com\/ca\/mataro-2\/","url":"https:\/\/www.mqdent.com\/ca\/mataro-2\/","name":"Cl\u00ednica Dental MQ Dent Matar\u00f3","isPartOf":{"@id":"https:\/\/www.mqdent.com\/ca\/#website"},"primaryImageOfPage":{"@id":"https:\/\/www.mqdent.com\/ca\/mataro-2\/#primaryimage"},"image":{"@id":"https:\/\/www.mqdent.com\/ca\/mataro-2\/#primaryimage"},"thumbnailUrl":"https:\/\/www.mqdent.com\/wp-content\/uploads\/2020\/09\/imgo-clinica-dental03.jpg","datePublished":"2025-02-22T16:47:41+00:00","dateModified":"2025-02-22T16:47:43+00:00","description":"Ens comprometem a oferir una experi\u00e8ncia \u00fanica a cura bucal, combinant tecnologia de punta amb un tracte hum\u00e0 i personalitzat.","breadcrumb":{"@id":"https:\/\/www.mqdent.com\/ca\/mataro-2\/#breadcrumb"},"inLanguage":"ca","potentialAction":[{"@type":"ReadAction","target":["https:\/\/www.mqdent.com\/ca\/mataro-2\/"]}]},{"@type":"ImageObject","inLanguage":"ca","@id":"https:\/\/www.mqdent.com\/ca\/mataro-2\/#primaryimage","url":"https:\/\/www.mqdent.com\/wp-content\/uploads\/2020\/09\/imgo-clinica-dental03.jpg","contentUrl":"https:\/\/www.mqdent.com\/wp-content\/uploads\/2020\/09\/imgo-clinica-dental03.jpg"},{"@type":"BreadcrumbList","@id":"https:\/\/www.mqdent.com\/ca\/mataro-2\/#breadcrumb","itemListElement":[{"@type":"ListItem","position":1,"name":"Portada","item":"https:\/\/www.mqdent.com\/ca\/"},{"@type":"ListItem","position":2,"name":"Matar\u00f3"}]},{"@type":"WebSite","@id":"https:\/\/www.mqdent.com\/ca\/#website","url":"https:\/\/www.mqdent.com\/ca\/","name":"MQ Dent","description":"Cl\u00ednica Dental","publisher":{"@id":"https:\/\/www.mqdent.com\/ca\/#organization"},"potentialAction":[{"@type":"SearchAction","target":{"@type":"EntryPoint","urlTemplate":"https:\/\/www.mqdent.com\/ca\/?s={search_term_string}"},"query-input":{"@type":"PropertyValueSpecification","valueRequired":true,"valueName":"search_term_string"}}],"inLanguage":"ca"},{"@type":"Organization","@id":"https:\/\/www.mqdent.com\/ca\/#organization","name":"MQ Dent Cl\u00ednica Dental","url":"https:\/\/www.mqdent.com\/ca\/","logo":{"@type":"ImageObject","inLanguage":"ca","@id":"https:\/\/www.mqdent.com\/ca\/#\/schema\/logo\/image\/","url":"https:\/\/mqdent.com\/wp-content\/uploads\/2020\/12\/logo-mqdent-1.png","contentUrl":"https:\/\/mqdent.com\/wp-content\/uploads\/2020\/12\/logo-mqdent-1.png","width":446,"height":346,"caption":"MQ Dent Cl\u00ednica Dental"},"image":{"@id":"https:\/\/www.mqdent.com\/ca\/#\/schema\/logo\/image\/"},"sameAs":["https:\/\/www.facebook.com\/mqdent\/"]}]}},"_links":{"self":[{"href":"https:\/\/www.mqdent.com\/ca\/wp-json\/wp\/v2\/pages\/10354","targetHints":{"allow":["GET"]}}],"collection":[{"href":"https:\/\/www.mqdent.com\/ca\/wp-json\/wp\/v2\/pages"}],"about":[{"href":"https:\/\/www.mqdent.com\/ca\/wp-json\/wp\/v2\/types\/page"}],"author":[{"embeddable":true,"href":"https:\/\/www.mqdent.com\/ca\/wp-json\/wp\/v2\/users\/1"}],"replies":[{"embeddable":true,"href":"https:\/\/www.mqdent.com\/ca\/wp-json\/wp\/v2\/comments?post=10354"}],"version-history":[{"count":1,"href":"https:\/\/www.mqdent.com\/ca\/wp-json\/wp\/v2\/pages\/10354\/revisions"}],"predecessor-version":[{"id":10360,"href":"https:\/\/www.mqdent.com\/ca\/wp-json\/wp\/v2\/pages\/10354\/revisions\/10360"}],"wp:attachment":[{"href":"https:\/\/www.mqdent.com\/ca\/wp-json\/wp\/v2\/media?parent=10354"}],"curies":[{"name":"wp","href":"https:\/\/api.w.org\/{rel}","templated":true}]}}