{"id":1123,"date":"2020-12-09T08:52:26","date_gmt":"2020-12-09T08:52:26","guid":{"rendered":"https:\/\/mqdent.com\/aviso-legal\/"},"modified":"2025-02-22T17:49:06","modified_gmt":"2025-02-22T16:49:06","slug":"avis-legal","status":"publish","type":"page","link":"https:\/\/www.mqdent.com\/ca\/avis-legal\/","title":{"rendered":"Av\u00eds legal"},"content":{"rendered":"\t\t<div data-elementor-type=\"wp-page\" data-elementor-id=\"1123\" class=\"elementor elementor-1123 elementor-1119\" data-elementor-post-type=\"page\">\n\t\t\t\t<div class=\"elementor-element elementor-element-ba2941f e-flex e-con-boxed e-con e-parent\" data-id=\"ba2941f\" data-element_type=\"container\" data-e-type=\"container\">\n\t\t\t\t\t<div class=\"e-con-inner\">\n\t\t\t\t<div class=\"elementor-element elementor-element-4efded9 elementor-widget elementor-widget-heading\" data-id=\"4efded9\" data-element_type=\"widget\" data-e-type=\"widget\" data-widget_type=\"heading.default\">\n\t\t\t\t<div class=\"elementor-widget-container\">\n\t\t\t\t\t<h2 class=\"elementor-heading-title elementor-size-default\">AV\u00cdS LEGAL<\/h2>\t\t\t\t<\/div>\n\t\t\t\t<\/div>\n\t\t\t\t<div class=\"elementor-element elementor-element-0c7ebff elementor-widget elementor-widget-heading\" data-id=\"0c7ebff\" data-element_type=\"widget\" data-e-type=\"widget\" data-widget_type=\"heading.default\">\n\t\t\t\t<div class=\"elementor-widget-container\">\n\t\t\t\t\t<h2 class=\"elementor-heading-title elementor-size-default\">1. INFORMACI\u00d3 CORPORATIVA<\/h2>\t\t\t\t<\/div>\n\t\t\t\t<\/div>\n\t\t\t\t<div class=\"elementor-element elementor-element-bd089bf elementor-widget elementor-widget-text-editor\" data-id=\"bd089bf\" data-element_type=\"widget\" data-e-type=\"widget\" data-widget_type=\"text-editor.default\">\n\t\t\t\t<div class=\"elementor-widget-container\">\n\t\t\t\t\t\t\t\t\t<p>En compliment de la Llei 34\/2002, d&#8217;11 de juliol, de serveis de la societat de la informaci\u00f3 i de comer\u00e7 electr\u00f2nic, <strong>CAREQUALITY 2.0 SLU<\/strong> us informa que \u00e9s titular dels llocs web: <strong>www.mqdent.com,<\/strong> d&#8217;acord amb l&#8217;exig\u00e8ncia de l&#8217;article 10 de l&#8217;esmentada Llei, <strong>CAREQUALITY<\/strong> <strong>2.0 SLU,<\/strong> notifica les dades seg\u00fcents : <strong>B67595272.<\/strong> Registre Mercantil de <strong>BARCELONA.<\/strong> Tom: <strong>47267<\/strong> Foli: <strong>163<\/strong> Full: <strong>546675<\/strong> , i domicili social: <strong>C\/ VAL\u00c8NCIA 95 \u2013 97,<\/strong> Codi Postal: <strong>08029<\/strong> . Localitat: <strong>BARCELONA<\/strong> .  Prov\u00edncia: <strong>BARCELONA<\/strong> . L&#8217;adre\u00e7a de correu electr\u00f2nic de contacte amb l&#8217;empresa \u00e9s: <a href=\"mailto:web@mqdent.com\"><strong>web@mqdent.com<\/strong><\/a><\/p>\t\t\t\t\t\t\t\t<\/div>\n\t\t\t\t<\/div>\n\t\t\t\t<div class=\"elementor-element elementor-element-9ff7885 elementor-widget elementor-widget-heading\" data-id=\"9ff7885\" data-element_type=\"widget\" data-e-type=\"widget\" data-widget_type=\"heading.default\">\n\t\t\t\t<div class=\"elementor-widget-container\">\n\t\t\t\t\t<h2 class=\"elementor-heading-title elementor-size-default\">2. USUARI I R\u00c8GIM DE RESPONSABILITATS<\/h2>\t\t\t\t<\/div>\n\t\t\t\t<\/div>\n\t\t\t\t<div class=\"elementor-element elementor-element-9948917 elementor-widget elementor-widget-text-editor\" data-id=\"9948917\" data-element_type=\"widget\" data-e-type=\"widget\" data-widget_type=\"text-editor.default\">\n\t\t\t\t<div class=\"elementor-widget-container\">\n\t\t\t\t\t\t\t\t\t<p>La navegaci\u00f3 per acc\u00e9s o \u00fas de la p\u00e0gina web i tots els subdominis i directoris inclosos sota la mateixa, aix\u00ed com els serveis o continguts que a trav\u00e9s seu es puguin obtenir i tots els portals de domini propi sota titularitat de <strong>CAREQUALITY 2.0 SLU<\/strong> , atorga la Condici\u00f3 d&#8217; <strong>Usuari<\/strong> , per la qual s&#8217;accepten, en navegar per la p\u00e0gina <strong>CAREQUALITY 2 .<\/strong> corresponent normativa de compliment legal obligat segons el cas.<\/p><p>Per aix\u00f2, si les consideracions detallades en aquest av\u00eds legal no s\u00f3n de la seva conformitat, preguem no faci \u00fas del portal, ja que qualsevol \u00fas que faci del mateix o els serveis i continguts en ell inclosos implicar\u00e0 l&#8217;acceptaci\u00f3 dels termes legals recollits en aquest text.<\/p><p>La p\u00e0gina web de <strong>CAREQUALITY 2.0 SLU<\/strong> proporciona una gran diversitat d&#8217;informaci\u00f3, serveis i dades. L&#8217;usuari assumeix la responsabilitat en l&#8217;\u00fas correcte dels llocs web. Aquesta responsabilitat s&#8217;estendr\u00e0 a: La veracitat i licitud de les informacions aportades per l&#8217;usuari als formularis emesos per <strong>CAREQUALITY 2.0 SLU<\/strong> per accedir a determinats continguts o serveis oferts per la web.<\/p><p>L&#8217;\u00fas de la informaci\u00f3, serveis i dades ofertes per <strong>CAREQUALITY 2.0 SLU<\/strong> no aniran contra les disposicions d&#8217;aquestes condicions, la Llei, la moral, els bons costums o l&#8217;ordre p\u00fablic o que, si no \u00e9s aix\u00ed, puguin suposar lesi\u00f3 dels drets de tercers o del funcionament dels llocs web. A aquest efecte, l&#8217;Usuari s&#8217;abstindr\u00e0 d&#8217;utilitzar qualsevol dels continguts amb finalitats o efectes il\u00b7l\u00edcits, prohibits en aquest text, lesius dels drets i interessos de tercers, o que de qualsevol manera puguin danyar, inutilitzar, sobrecarregar, deteriorar o impedir-ne la normal utilitzaci\u00f3 dels continguts, altres Usuaris o de qualsevol usuari dInternet (hardware i software).<\/p><p>Els usuaris respondran dels danys i perjudicis de tota naturalesa que l&#8217;empresa propiet\u00e0ria del web pugui patir, directament o indirectament, com a conseq\u00fc\u00e8ncia d&#8217;incompliment de qualsevol de les obligacions derivades de l&#8217;\u00fas del web i d&#8217;aquesta pol\u00edtica de privadesa.<\/p><p>En particular, ia t\u00edtol merament indicatiu i no exhaustiu, l&#8217;Usuari es compromet a no transmetre, difondre o posar a disposici\u00f3 de tercers informacions, dades, continguts, missatges, gr\u00e0fics, dibuixos, arxius de so i\/o imatge, fotografies de la web .<\/p>\t\t\t\t\t\t\t\t<\/div>\n\t\t\t\t<\/div>\n\t\t\t\t<div class=\"elementor-element elementor-element-eb75fbd elementor-widget elementor-widget-heading\" data-id=\"eb75fbd\" data-element_type=\"widget\" data-e-type=\"widget\" data-widget_type=\"heading.default\">\n\t\t\t\t<div class=\"elementor-widget-container\">\n\t\t\t\t\t<h2 class=\"elementor-heading-title elementor-size-default\">3. CANAL \u00c8TIC<\/h2>\t\t\t\t<\/div>\n\t\t\t\t<\/div>\n\t\t\t\t<div class=\"elementor-element elementor-element-18983cd elementor-widget elementor-widget-text-editor\" data-id=\"18983cd\" data-element_type=\"widget\" data-e-type=\"widget\" data-widget_type=\"text-editor.default\">\n\t\t\t\t<div class=\"elementor-widget-container\">\n\t\t\t\t\t\t\t\t\t<p>Aquest Canal \u00c8tic \u00e9s el mecanisme que <strong>CAREQUALITY 2.0 SLU<\/strong> posa a disposici\u00f3 de tots els empleats i directius de la societat i dels tercers que s&#8217;hi relacionin i, en particular, de prove\u00efdors, clients, becaris i treballadors en per\u00edodes de formaci\u00f3, perqu\u00e8 puguin comunicar qualsevol informaci\u00f3 relacionada amb fets que pugui suposar:<\/p><ul><li>Una possible irregularitat o acte contrari al codi intern o principis oa qualsevol altra normativa interna aplicable<\/li><li>Una eventual irregularitat relativa a temes comptables, q\u00fcestions relatives a auditoria i\/o aspectes relacionats amb el control intern sobre el report financer.<\/li><li>Una possible irregularitat o acte contrari a la legalitat.<\/li><\/ul><p><br>El canal \u00e9s accessible 24\u00d77 a trav\u00e9s de les seg\u00fcents via: <a href=\"https:\/\/mqdent.ethic-channel.com\/\">https:\/\/mqdent.ethic-channel.com\/<\/a> <\/p><p>La informaci\u00f3 recopilada a la den\u00fancia ser\u00e0 tractada de forma segura i confidencial respectant la LOPD-GDD 3\/2018<\/p>\t\t\t\t\t\t\t\t<\/div>\n\t\t\t\t<\/div>\n\t\t\t\t\t<\/div>\n\t\t\t\t<\/div>\n\t\t\t\t<\/div>\n\t\t","protected":false},"excerpt":{"rendered":"<p>AV\u00cdS LEGAL 1. INFORMACI\u00d3 CORPORATIVA En compliment de la Llei 34\/2002, d&#8217;11 de juliol, de serveis de la societat de la informaci\u00f3 i de comer\u00e7 electr\u00f2nic, CAREQUALITY 2.0 SLU us informa que \u00e9s titular dels llocs web: www.mqdent.com, d&#8217;acord amb l&#8217;exig\u00e8ncia de l&#8217;article 10 de l&#8217;esmentada Llei, CAREQUALITY 2.0 SLU, notifica les dades seg\u00fcents : [&hellip;]<\/p>\n","protected":false},"author":2,"featured_media":0,"parent":0,"menu_order":0,"comment_status":"closed","ping_status":"closed","template":"elementor_header_footer","meta":{"_acf_changed":false,"inline_featured_image":false,"footnotes":""},"class_list":["post-1123","page","type-page","status-publish","hentry"],"acf":[],"yoast_head":"<!-- This site is optimized with the Yoast SEO plugin v27.5 - https:\/\/yoast.com\/product\/yoast-seo-wordpress\/ -->\n<title>Av\u00eds Leegal MQ Dent Barcelona<\/title>\n<meta name=\"robots\" content=\"index, follow, max-snippet:-1, max-image-preview:large, max-video-preview:-1\" \/>\n<link rel=\"canonical\" href=\"https:\/\/www.mqdent.com\/ca\/avis-legal\/\" \/>\n<meta property=\"og:locale\" content=\"ca_ES\" \/>\n<meta property=\"og:type\" content=\"article\" \/>\n<meta property=\"og:title\" content=\"Av\u00eds Leegal MQ Dent Barcelona\" \/>\n<meta property=\"og:description\" content=\"AV\u00cdS LEGAL 1. INFORMACI\u00d3 CORPORATIVA En compliment de la Llei 34\/2002, d&#8217;11 de juliol, de serveis de la societat de la informaci\u00f3 i de comer\u00e7 electr\u00f2nic, CAREQUALITY 2.0 SLU us informa que \u00e9s titular dels llocs web: www.mqdent.com, d&#8217;acord amb l&#8217;exig\u00e8ncia de l&#8217;article 10 de l&#8217;esmentada Llei, CAREQUALITY 2.0 SLU, notifica les dades seg\u00fcents : [&hellip;]\" \/>\n<meta property=\"og:url\" content=\"https:\/\/www.mqdent.com\/ca\/avis-legal\/\" \/>\n<meta property=\"og:site_name\" content=\"MQ Dent\" \/>\n<meta property=\"article:publisher\" content=\"https:\/\/www.facebook.com\/mqdent\/\" \/>\n<meta property=\"article:modified_time\" content=\"2025-02-22T16:49:06+00:00\" \/>\n<meta name=\"twitter:card\" content=\"summary_large_image\" \/>\n<meta name=\"twitter:label1\" content=\"Temps estimat de lectura\" \/>\n\t<meta name=\"twitter:data1\" content=\"3 minuts\" \/>\n<script type=\"application\/ld+json\" class=\"yoast-schema-graph\">{\"@context\":\"https:\\\/\\\/schema.org\",\"@graph\":[{\"@type\":\"WebPage\",\"@id\":\"https:\\\/\\\/www.mqdent.com\\\/ca\\\/avis-legal\\\/\",\"url\":\"https:\\\/\\\/www.mqdent.com\\\/ca\\\/avis-legal\\\/\",\"name\":\"Av\u00eds Leegal MQ Dent Barcelona\",\"isPartOf\":{\"@id\":\"https:\\\/\\\/www.mqdent.com\\\/ca\\\/#website\"},\"datePublished\":\"2020-12-09T08:52:26+00:00\",\"dateModified\":\"2025-02-22T16:49:06+00:00\",\"breadcrumb\":{\"@id\":\"https:\\\/\\\/www.mqdent.com\\\/ca\\\/avis-legal\\\/#breadcrumb\"},\"inLanguage\":\"ca\",\"potentialAction\":[{\"@type\":\"ReadAction\",\"target\":[\"https:\\\/\\\/www.mqdent.com\\\/ca\\\/avis-legal\\\/\"]}]},{\"@type\":\"BreadcrumbList\",\"@id\":\"https:\\\/\\\/www.mqdent.com\\\/ca\\\/avis-legal\\\/#breadcrumb\",\"itemListElement\":[{\"@type\":\"ListItem\",\"position\":1,\"name\":\"Portada\",\"item\":\"https:\\\/\\\/www.mqdent.com\\\/ca\\\/\"},{\"@type\":\"ListItem\",\"position\":2,\"name\":\"Av\u00eds legal\"}]},{\"@type\":\"WebSite\",\"@id\":\"https:\\\/\\\/www.mqdent.com\\\/ca\\\/#website\",\"url\":\"https:\\\/\\\/www.mqdent.com\\\/ca\\\/\",\"name\":\"MQ Dent\",\"description\":\"Cl\u00ednica Dental\",\"publisher\":{\"@id\":\"https:\\\/\\\/www.mqdent.com\\\/ca\\\/#organization\"},\"potentialAction\":[{\"@type\":\"SearchAction\",\"target\":{\"@type\":\"EntryPoint\",\"urlTemplate\":\"https:\\\/\\\/www.mqdent.com\\\/ca\\\/?s={search_term_string}\"},\"query-input\":{\"@type\":\"PropertyValueSpecification\",\"valueRequired\":true,\"valueName\":\"search_term_string\"}}],\"inLanguage\":\"ca\"},{\"@type\":\"Organization\",\"@id\":\"https:\\\/\\\/www.mqdent.com\\\/ca\\\/#organization\",\"name\":\"MQ Dent Cl\u00ednica Dental\",\"url\":\"https:\\\/\\\/www.mqdent.com\\\/ca\\\/\",\"logo\":{\"@type\":\"ImageObject\",\"inLanguage\":\"ca\",\"@id\":\"https:\\\/\\\/www.mqdent.com\\\/ca\\\/#\\\/schema\\\/logo\\\/image\\\/\",\"url\":\"https:\\\/\\\/mqdent.com\\\/wp-content\\\/uploads\\\/2020\\\/12\\\/logo-mqdent-1.png\",\"contentUrl\":\"https:\\\/\\\/mqdent.com\\\/wp-content\\\/uploads\\\/2020\\\/12\\\/logo-mqdent-1.png\",\"width\":446,\"height\":346,\"caption\":\"MQ Dent Cl\u00ednica Dental\"},\"image\":{\"@id\":\"https:\\\/\\\/www.mqdent.com\\\/ca\\\/#\\\/schema\\\/logo\\\/image\\\/\"},\"sameAs\":[\"https:\\\/\\\/www.facebook.com\\\/mqdent\\\/\"]}]}<\/script>\n<!-- \/ Yoast SEO plugin. -->","yoast_head_json":{"title":"Av\u00eds Leegal MQ Dent Barcelona","robots":{"index":"index","follow":"follow","max-snippet":"max-snippet:-1","max-image-preview":"max-image-preview:large","max-video-preview":"max-video-preview:-1"},"canonical":"https:\/\/www.mqdent.com\/ca\/avis-legal\/","og_locale":"ca_ES","og_type":"article","og_title":"Av\u00eds Leegal MQ Dent Barcelona","og_description":"AV\u00cdS LEGAL 1. INFORMACI\u00d3 CORPORATIVA En compliment de la Llei 34\/2002, d&#8217;11 de juliol, de serveis de la societat de la informaci\u00f3 i de comer\u00e7 electr\u00f2nic, CAREQUALITY 2.0 SLU us informa que \u00e9s titular dels llocs web: www.mqdent.com, d&#8217;acord amb l&#8217;exig\u00e8ncia de l&#8217;article 10 de l&#8217;esmentada Llei, CAREQUALITY 2.0 SLU, notifica les dades seg\u00fcents : [&hellip;]","og_url":"https:\/\/www.mqdent.com\/ca\/avis-legal\/","og_site_name":"MQ Dent","article_publisher":"https:\/\/www.facebook.com\/mqdent\/","article_modified_time":"2025-02-22T16:49:06+00:00","twitter_card":"summary_large_image","twitter_misc":{"Temps estimat de lectura":"3 minuts"},"schema":{"@context":"https:\/\/schema.org","@graph":[{"@type":"WebPage","@id":"https:\/\/www.mqdent.com\/ca\/avis-legal\/","url":"https:\/\/www.mqdent.com\/ca\/avis-legal\/","name":"Av\u00eds Leegal MQ Dent Barcelona","isPartOf":{"@id":"https:\/\/www.mqdent.com\/ca\/#website"},"datePublished":"2020-12-09T08:52:26+00:00","dateModified":"2025-02-22T16:49:06+00:00","breadcrumb":{"@id":"https:\/\/www.mqdent.com\/ca\/avis-legal\/#breadcrumb"},"inLanguage":"ca","potentialAction":[{"@type":"ReadAction","target":["https:\/\/www.mqdent.com\/ca\/avis-legal\/"]}]},{"@type":"BreadcrumbList","@id":"https:\/\/www.mqdent.com\/ca\/avis-legal\/#breadcrumb","itemListElement":[{"@type":"ListItem","position":1,"name":"Portada","item":"https:\/\/www.mqdent.com\/ca\/"},{"@type":"ListItem","position":2,"name":"Av\u00eds legal"}]},{"@type":"WebSite","@id":"https:\/\/www.mqdent.com\/ca\/#website","url":"https:\/\/www.mqdent.com\/ca\/","name":"MQ Dent","description":"Cl\u00ednica Dental","publisher":{"@id":"https:\/\/www.mqdent.com\/ca\/#organization"},"potentialAction":[{"@type":"SearchAction","target":{"@type":"EntryPoint","urlTemplate":"https:\/\/www.mqdent.com\/ca\/?s={search_term_string}"},"query-input":{"@type":"PropertyValueSpecification","valueRequired":true,"valueName":"search_term_string"}}],"inLanguage":"ca"},{"@type":"Organization","@id":"https:\/\/www.mqdent.com\/ca\/#organization","name":"MQ Dent Cl\u00ednica Dental","url":"https:\/\/www.mqdent.com\/ca\/","logo":{"@type":"ImageObject","inLanguage":"ca","@id":"https:\/\/www.mqdent.com\/ca\/#\/schema\/logo\/image\/","url":"https:\/\/mqdent.com\/wp-content\/uploads\/2020\/12\/logo-mqdent-1.png","contentUrl":"https:\/\/mqdent.com\/wp-content\/uploads\/2020\/12\/logo-mqdent-1.png","width":446,"height":346,"caption":"MQ Dent Cl\u00ednica Dental"},"image":{"@id":"https:\/\/www.mqdent.com\/ca\/#\/schema\/logo\/image\/"},"sameAs":["https:\/\/www.facebook.com\/mqdent\/"]}]}},"_links":{"self":[{"href":"https:\/\/www.mqdent.com\/ca\/wp-json\/wp\/v2\/pages\/1123","targetHints":{"allow":["GET"]}}],"collection":[{"href":"https:\/\/www.mqdent.com\/ca\/wp-json\/wp\/v2\/pages"}],"about":[{"href":"https:\/\/www.mqdent.com\/ca\/wp-json\/wp\/v2\/types\/page"}],"author":[{"embeddable":true,"href":"https:\/\/www.mqdent.com\/ca\/wp-json\/wp\/v2\/users\/2"}],"replies":[{"embeddable":true,"href":"https:\/\/www.mqdent.com\/ca\/wp-json\/wp\/v2\/comments?post=1123"}],"version-history":[{"count":2,"href":"https:\/\/www.mqdent.com\/ca\/wp-json\/wp\/v2\/pages\/1123\/revisions"}],"predecessor-version":[{"id":10458,"href":"https:\/\/www.mqdent.com\/ca\/wp-json\/wp\/v2\/pages\/1123\/revisions\/10458"}],"wp:attachment":[{"href":"https:\/\/www.mqdent.com\/ca\/wp-json\/wp\/v2\/media?parent=1123"}],"curies":[{"name":"wp","href":"https:\/\/api.w.org\/{rel}","templated":true}]}}