{"id":1670,"date":"2022-05-20T07:28:29","date_gmt":"2022-05-20T07:28:29","guid":{"rendered":"https:\/\/www.mqdent.com\/?page_id=1670"},"modified":"2025-01-14T17:11:33","modified_gmt":"2025-01-14T16:11:33","slug":"contacte-2","status":"publish","type":"page","link":"https:\/\/www.mqdent.com\/ca\/contacte-2\/","title":{"rendered":"Contacte"},"content":{"rendered":"<p>[et_pb_section fb_built=&#8221;1&#8243; admin_label=&#8221;Footer&#8221; module_id=&#8221;contacta&#8221; _builder_version=&#8221;4.25.2&#8243; background_color=&#8221;#ffffff&#8221; use_background_color_gradient=&#8221;on&#8221; background_color_gradient_stops=&#8221;#ffffff 5%|rgba(219,219,219,0) 100%&#8221; background_color_gradient_overlays_image=&#8221;on&#8221; background_color_gradient_start=&#8221;#ffffff&#8221; background_color_gradient_start_position=&#8221;5%&#8221; background_color_gradient_end=&#8221;rgba(219,219,219,0)&#8221; background_image=&#8221;https:\/\/www.mqdent.com\/wp-content\/uploads\/2022\/05\/portada-mqdent-dental03-scaled.jpg&#8221; custom_margin=&#8221;|-5px||-5px|false|false&#8221; custom_padding=&#8221;5%||10%||false|false&#8221; bottom_divider_flip=&#8221;horizontal&#8221; background_last_edited=&#8221;on|desktop&#8221; background_enable_image_phone=&#8221;off&#8221; global_colors_info=&#8221;{}&#8221;][et_pb_row _builder_version=&#8221;4.27.4&#8243; _module_preset=&#8221;default&#8221; global_colors_info=&#8221;{}&#8221;][et_pb_column type=&#8221;4_4&#8243; _builder_version=&#8221;4.27.4&#8243; _module_preset=&#8221;default&#8221; global_colors_info=&#8221;{}&#8221;][et_pb_text _builder_version=&#8221;4.25.2&#8243; text_font=&#8221;Montserrat|700|||||||&#8221; text_text_color=&#8221;#f6a900&#8243; text_font_size=&#8221;38px&#8221; background_layout=&#8221;dark&#8221; custom_margin=&#8221;-21px||36px||false|false&#8221; custom_padding=&#8221;0px||||false|false&#8221; hover_enabled=&#8221;0&#8243; text_line_height_tablet=&#8221;&#8221; text_line_height_phone=&#8221;1em&#8221; text_line_height_last_edited=&#8221;on|phone&#8221; global_colors_info=&#8221;{}&#8221; sticky_enabled=&#8221;0&#8243;]<\/p>\n<p style=\"text-align: center;\">Contacta amb nosaltres<\/p>\n<p>[\/et_pb_text][et_pb_code _builder_version=&#8221;4.27.4&#8243; _module_preset=&#8221;default&#8221; hover_enabled=&#8221;0&#8243; global_colors_info=&#8221;{}&#8221; sticky_enabled=&#8221;0&#8243;]<!-- [et_pb_line_break_holder] --><iframe<!-- [et_pb_line_break_holder] -->  src=&#8221;\/widget\/form\/MfvcWVAlfnEki8Ge4pxC&#8221;<!-- [et_pb_line_break_holder] -->  style=&#8221;width:100%;height:100%;border:none;border-radius:4px&#8221;<!-- [et_pb_line_break_holder] -->  id=&#8221;inline-MfvcWVAlfnEki8Ge4pxC&#8221; <!-- [et_pb_line_break_holder] -->  data-layout=&#8221;{&#8216;id&#8217;:&#8217;INLINE&#8217;}&#8221;<!-- [et_pb_line_break_holder] -->  data-trigger-type=&#8221;alwaysShow&#8221;<!-- [et_pb_line_break_holder] -->  data-trigger-value=&#8221;&#8221;<!-- [et_pb_line_break_holder] -->  data-activation-type=&#8221;alwaysActivated&#8221;<!-- [et_pb_line_break_holder] -->  data-activation-value=&#8221;&#8221;<!-- [et_pb_line_break_holder] -->  data-deactivation-type=&#8221;neverDeactivate&#8221;<!-- [et_pb_line_break_holder] -->  data-deactivation-value=&#8221;&#8221;<!-- [et_pb_line_break_holder] -->  data-form-name=&#8221;IMPLANTES WEB&#8221;<!-- [et_pb_line_break_holder] -->  data-height=&#8221;548&#8243;<!-- [et_pb_line_break_holder] -->  data-layout-iframe-id=&#8221;inline-MfvcWVAlfnEki8Ge4pxC&#8221;<!-- [et_pb_line_break_holder] -->  data-form-id=&#8221;MfvcWVAlfnEki8Ge4pxC&#8221;<!-- [et_pb_line_break_holder] -->  title=&#8221;IMPLANTES WEB&#8221;<!-- [et_pb_line_break_holder] -->      ><!-- [et_pb_line_break_holder] --><\/iframe><!-- [et_pb_line_break_holder] --><script src=\"https:\/\/link.msgsndr.com\/js\/form_embed.js\"><\/script>[\/et_pb_code][\/et_pb_column][\/et_pb_row][\/et_pb_section][et_pb_section fb_built=&#8221;1&#8243; fullwidth=&#8221;on&#8221; _builder_version=&#8221;4.16&#8243; _module_preset=&#8221;default&#8221; global_colors_info=&#8221;{}&#8221;][\/et_pb_section][et_pb_section fb_built=&#8221;1&#8243; fullwidth=&#8221;on&#8221; _builder_version=&#8221;4.16&#8243; _module_preset=&#8221;default&#8221; global_colors_info=&#8221;{}&#8221;][et_pb_fullwidth_image _builder_version=&#8221;4.16&#8243; _module_preset=&#8221;default&#8221; background_color=&#8221;#dbdbdb&#8221; height=&#8221;316px&#8221; global_colors_info=&#8221;{}&#8221;][\/et_pb_fullwidth_image][\/et_pb_section]<\/p>\n","protected":false},"excerpt":{"rendered":"<p>[et_pb_section fb_built=&#8221;1&#8243; admin_label=&#8221;Footer&#8221; module_id=&#8221;contacta&#8221; _builder_version=&#8221;4.25.2&#8243; background_color=&#8221;#ffffff&#8221; use_background_color_gradient=&#8221;on&#8221; background_color_gradient_stops=&#8221;#ffffff 5%|rgba(219,219,219,0) 100%&#8221; background_color_gradient_overlays_image=&#8221;on&#8221; background_color_gradient_start=&#8221;#ffffff&#8221; background_color_gradient_start_position=&#8221;5%&#8221; background_color_gradient_end=&#8221;rgba(219,219,219,0)&#8221; background_image=&#8221;https:\/\/www.mqdent.com\/wp-content\/uploads\/2022\/05\/portada-mqdent-dental03-scaled.jpg&#8221; custom_margin=&#8221;|-5px||-5px|false|false&#8221; custom_padding=&#8221;5%||10%||false|false&#8221; bottom_divider_flip=&#8221;horizontal&#8221; background_last_edited=&#8221;on|desktop&#8221; background_enable_image_phone=&#8221;off&#8221; global_colors_info=&#8221;{}&#8221;][et_pb_row _builder_version=&#8221;4.27.4&#8243; _module_preset=&#8221;default&#8221; global_colors_info=&#8221;{}&#8221;][et_pb_column type=&#8221;4_4&#8243; _builder_version=&#8221;4.27.4&#8243; _module_preset=&#8221;default&#8221; global_colors_info=&#8221;{}&#8221;][et_pb_text _builder_version=&#8221;4.25.2&#8243; text_font=&#8221;Montserrat|700|||||||&#8221; text_text_color=&#8221;#f6a900&#8243; text_font_size=&#8221;38px&#8221; background_layout=&#8221;dark&#8221; custom_margin=&#8221;-21px||36px||false|false&#8221; custom_padding=&#8221;0px||||false|false&#8221; hover_enabled=&#8221;0&#8243; text_line_height_tablet=&#8221;&#8221; text_line_height_phone=&#8221;1em&#8221; text_line_height_last_edited=&#8221;on|phone&#8221; global_colors_info=&#8221;{}&#8221; sticky_enabled=&#8221;0&#8243;] Contacta amb nosaltres [\/et_pb_text][et_pb_code _builder_version=&#8221;4.27.4&#8243; _module_preset=&#8221;default&#8221; hover_enabled=&#8221;0&#8243; global_colors_info=&#8221;{}&#8221; sticky_enabled=&#8221;0&#8243;] src=&#8221;\/widget\/form\/MfvcWVAlfnEki8Ge4pxC&#8221; style=&#8221;width:100%;height:100%;border:none;border-radius:4px&#8221; id=&#8221;inline-MfvcWVAlfnEki8Ge4pxC&#8221; data-layout=&#8221;{&#8216;id&#8217;:&#8217;INLINE&#8217;}&#8221; data-trigger-type=&#8221;alwaysShow&#8221; [&hellip;]<\/p>\n","protected":false},"author":4,"featured_media":0,"parent":0,"menu_order":0,"comment_status":"closed","ping_status":"closed","template":"","meta":{"inline_featured_image":false,"footnotes":""},"class_list":["post-1670","page","type-page","status-publish","hentry"],"yoast_head":"<!-- This site is optimized with the Yoast SEO plugin v27.4 - https:\/\/yoast.com\/product\/yoast-seo-wordpress\/ -->\n<title>MQ Dent Cl\u00ednica Dental | Amb cobertura dental b\u00e0sica gratu\u00efta<\/title>\n<meta name=\"description\" content=\"Avantatges exclusives amb la targeta MQ DENT. Tractaments gratu\u00efts. Cobertura sense cost sobre. Pagament ajornat sense interessos.\" \/>\n<meta name=\"robots\" content=\"index, follow, max-snippet:-1, max-image-preview:large, max-video-preview:-1\" \/>\n<link rel=\"canonical\" href=\"https:\/\/www.mqdent.com\/ca\/contacte-2\/\" \/>\n<meta property=\"og:locale\" content=\"ca_ES\" \/>\n<meta property=\"og:type\" content=\"article\" \/>\n<meta property=\"og:title\" content=\"MQ Dent Cl\u00ednica Dental | Amb cobertura dental b\u00e0sica gratu\u00efta\" \/>\n<meta property=\"og:description\" content=\"Avantatges exclusives amb la targeta MQ DENT. Tractaments gratu\u00efts. Cobertura sense cost sobre. Pagament ajornat sense interessos.\" \/>\n<meta property=\"og:url\" content=\"https:\/\/www.mqdent.com\/ca\/contacte-2\/\" \/>\n<meta property=\"og:site_name\" content=\"MQ Dent\" \/>\n<meta property=\"article:publisher\" content=\"https:\/\/www.facebook.com\/mqdent\/\" \/>\n<meta property=\"article:modified_time\" content=\"2025-01-14T16:11:33+00:00\" \/>\n<meta name=\"twitter:card\" content=\"summary_large_image\" \/>\n<meta name=\"twitter:label1\" content=\"Temps estimat de lectura\" \/>\n\t<meta name=\"twitter:data1\" content=\"2 minuts\" \/>\n<script type=\"application\/ld+json\" class=\"yoast-schema-graph\">{\"@context\":\"https:\\\/\\\/schema.org\",\"@graph\":[{\"@type\":\"WebPage\",\"@id\":\"https:\\\/\\\/www.mqdent.com\\\/ca\\\/contacte-2\\\/\",\"url\":\"https:\\\/\\\/www.mqdent.com\\\/ca\\\/contacte-2\\\/\",\"name\":\"MQ Dent Cl\u00ednica Dental | Amb cobertura dental b\u00e0sica gratu\u00efta\",\"isPartOf\":{\"@id\":\"https:\\\/\\\/www.mqdent.com\\\/ca\\\/#website\"},\"datePublished\":\"2022-05-20T07:28:29+00:00\",\"dateModified\":\"2025-01-14T16:11:33+00:00\",\"description\":\"Avantatges exclusives amb la targeta MQ DENT. Tractaments gratu\u00efts. Cobertura sense cost sobre. Pagament ajornat sense interessos.\",\"breadcrumb\":{\"@id\":\"https:\\\/\\\/www.mqdent.com\\\/ca\\\/contacte-2\\\/#breadcrumb\"},\"inLanguage\":\"ca\",\"potentialAction\":[{\"@type\":\"ReadAction\",\"target\":[\"https:\\\/\\\/www.mqdent.com\\\/ca\\\/contacte-2\\\/\"]}]},{\"@type\":\"BreadcrumbList\",\"@id\":\"https:\\\/\\\/www.mqdent.com\\\/ca\\\/contacte-2\\\/#breadcrumb\",\"itemListElement\":[{\"@type\":\"ListItem\",\"position\":1,\"name\":\"Portada\",\"item\":\"https:\\\/\\\/www.mqdent.com\\\/ca\\\/\"},{\"@type\":\"ListItem\",\"position\":2,\"name\":\"Contacte\"}]},{\"@type\":\"WebSite\",\"@id\":\"https:\\\/\\\/www.mqdent.com\\\/ca\\\/#website\",\"url\":\"https:\\\/\\\/www.mqdent.com\\\/ca\\\/\",\"name\":\"MQ Dent\",\"description\":\"Cl\u00ednica Dental\",\"publisher\":{\"@id\":\"https:\\\/\\\/www.mqdent.com\\\/ca\\\/#organization\"},\"potentialAction\":[{\"@type\":\"SearchAction\",\"target\":{\"@type\":\"EntryPoint\",\"urlTemplate\":\"https:\\\/\\\/www.mqdent.com\\\/ca\\\/?s={search_term_string}\"},\"query-input\":{\"@type\":\"PropertyValueSpecification\",\"valueRequired\":true,\"valueName\":\"search_term_string\"}}],\"inLanguage\":\"ca\"},{\"@type\":\"Organization\",\"@id\":\"https:\\\/\\\/www.mqdent.com\\\/ca\\\/#organization\",\"name\":\"MQ Dent Cl\u00ednica Dental\",\"url\":\"https:\\\/\\\/www.mqdent.com\\\/ca\\\/\",\"logo\":{\"@type\":\"ImageObject\",\"inLanguage\":\"ca\",\"@id\":\"https:\\\/\\\/www.mqdent.com\\\/ca\\\/#\\\/schema\\\/logo\\\/image\\\/\",\"url\":\"https:\\\/\\\/mqdent.com\\\/wp-content\\\/uploads\\\/2020\\\/12\\\/logo-mqdent-1.png\",\"contentUrl\":\"https:\\\/\\\/mqdent.com\\\/wp-content\\\/uploads\\\/2020\\\/12\\\/logo-mqdent-1.png\",\"width\":446,\"height\":346,\"caption\":\"MQ Dent Cl\u00ednica Dental\"},\"image\":{\"@id\":\"https:\\\/\\\/www.mqdent.com\\\/ca\\\/#\\\/schema\\\/logo\\\/image\\\/\"},\"sameAs\":[\"https:\\\/\\\/www.facebook.com\\\/mqdent\\\/\"]}]}<\/script>\n<!-- \/ Yoast SEO plugin. -->","yoast_head_json":{"title":"MQ Dent Cl\u00ednica Dental | Amb cobertura dental b\u00e0sica gratu\u00efta","description":"Avantatges exclusives amb la targeta MQ DENT. Tractaments gratu\u00efts. Cobertura sense cost sobre. Pagament ajornat sense interessos.","robots":{"index":"index","follow":"follow","max-snippet":"max-snippet:-1","max-image-preview":"max-image-preview:large","max-video-preview":"max-video-preview:-1"},"canonical":"https:\/\/www.mqdent.com\/ca\/contacte-2\/","og_locale":"ca_ES","og_type":"article","og_title":"MQ Dent Cl\u00ednica Dental | Amb cobertura dental b\u00e0sica gratu\u00efta","og_description":"Avantatges exclusives amb la targeta MQ DENT. Tractaments gratu\u00efts. Cobertura sense cost sobre. Pagament ajornat sense interessos.","og_url":"https:\/\/www.mqdent.com\/ca\/contacte-2\/","og_site_name":"MQ Dent","article_publisher":"https:\/\/www.facebook.com\/mqdent\/","article_modified_time":"2025-01-14T16:11:33+00:00","twitter_card":"summary_large_image","twitter_misc":{"Temps estimat de lectura":"2 minuts"},"schema":{"@context":"https:\/\/schema.org","@graph":[{"@type":"WebPage","@id":"https:\/\/www.mqdent.com\/ca\/contacte-2\/","url":"https:\/\/www.mqdent.com\/ca\/contacte-2\/","name":"MQ Dent Cl\u00ednica Dental | Amb cobertura dental b\u00e0sica gratu\u00efta","isPartOf":{"@id":"https:\/\/www.mqdent.com\/ca\/#website"},"datePublished":"2022-05-20T07:28:29+00:00","dateModified":"2025-01-14T16:11:33+00:00","description":"Avantatges exclusives amb la targeta MQ DENT. Tractaments gratu\u00efts. Cobertura sense cost sobre. Pagament ajornat sense interessos.","breadcrumb":{"@id":"https:\/\/www.mqdent.com\/ca\/contacte-2\/#breadcrumb"},"inLanguage":"ca","potentialAction":[{"@type":"ReadAction","target":["https:\/\/www.mqdent.com\/ca\/contacte-2\/"]}]},{"@type":"BreadcrumbList","@id":"https:\/\/www.mqdent.com\/ca\/contacte-2\/#breadcrumb","itemListElement":[{"@type":"ListItem","position":1,"name":"Portada","item":"https:\/\/www.mqdent.com\/ca\/"},{"@type":"ListItem","position":2,"name":"Contacte"}]},{"@type":"WebSite","@id":"https:\/\/www.mqdent.com\/ca\/#website","url":"https:\/\/www.mqdent.com\/ca\/","name":"MQ Dent","description":"Cl\u00ednica Dental","publisher":{"@id":"https:\/\/www.mqdent.com\/ca\/#organization"},"potentialAction":[{"@type":"SearchAction","target":{"@type":"EntryPoint","urlTemplate":"https:\/\/www.mqdent.com\/ca\/?s={search_term_string}"},"query-input":{"@type":"PropertyValueSpecification","valueRequired":true,"valueName":"search_term_string"}}],"inLanguage":"ca"},{"@type":"Organization","@id":"https:\/\/www.mqdent.com\/ca\/#organization","name":"MQ Dent Cl\u00ednica Dental","url":"https:\/\/www.mqdent.com\/ca\/","logo":{"@type":"ImageObject","inLanguage":"ca","@id":"https:\/\/www.mqdent.com\/ca\/#\/schema\/logo\/image\/","url":"https:\/\/mqdent.com\/wp-content\/uploads\/2020\/12\/logo-mqdent-1.png","contentUrl":"https:\/\/mqdent.com\/wp-content\/uploads\/2020\/12\/logo-mqdent-1.png","width":446,"height":346,"caption":"MQ Dent Cl\u00ednica Dental"},"image":{"@id":"https:\/\/www.mqdent.com\/ca\/#\/schema\/logo\/image\/"},"sameAs":["https:\/\/www.facebook.com\/mqdent\/"]}]}},"_links":{"self":[{"href":"https:\/\/www.mqdent.com\/ca\/wp-json\/wp\/v2\/pages\/1670","targetHints":{"allow":["GET"]}}],"collection":[{"href":"https:\/\/www.mqdent.com\/ca\/wp-json\/wp\/v2\/pages"}],"about":[{"href":"https:\/\/www.mqdent.com\/ca\/wp-json\/wp\/v2\/types\/page"}],"author":[{"embeddable":true,"href":"https:\/\/www.mqdent.com\/ca\/wp-json\/wp\/v2\/users\/4"}],"replies":[{"embeddable":true,"href":"https:\/\/www.mqdent.com\/ca\/wp-json\/wp\/v2\/comments?post=1670"}],"version-history":[{"count":0,"href":"https:\/\/www.mqdent.com\/ca\/wp-json\/wp\/v2\/pages\/1670\/revisions"}],"wp:attachment":[{"href":"https:\/\/www.mqdent.com\/ca\/wp-json\/wp\/v2\/media?parent=1670"}],"curies":[{"name":"wp","href":"https:\/\/api.w.org\/{rel}","templated":true}]}}